{"id":12,"date":"2018-02-24T20:23:29","date_gmt":"2018-02-24T20:23:29","guid":{"rendered":"http:\/\/handartig.de\/?page_id=12"},"modified":"2018-04-06T23:28:17","modified_gmt":"2018-04-06T23:28:17","slug":"ueber-mich","status":"publish","type":"page","link":"https:\/\/handartig.de\/?page_id=12","title":{"rendered":"\u00dcber mich"},"content":{"rendered":"<p>Hallo mein Name ist Erika.<br \/>\nFreut mich dass du mich gefunden hast.<br \/>\nIch lebe mit 2 bezaubernde M\u00e4dels und Lieblingsmann in Baden-W\u00fcrtemberg.<br \/>\nIch liebe es mich kreativ zu besch\u00e4ftigen schon seit es mich gibt oder zumindest mich daran erinnern kann und meine Ideen zu verwirklichen. Seit wir unser H\u00e4uschen vor 5 Jahren gekauft haben und renoviert haben sind wir andauernd am Ver\u00e4ndern, Umgestalten.. DIY hat eine ganz andere Bedeutung bekommen&#8230; eben HANDARTIG!<br \/>\nAber das Leben besteht nicht nur aus Arbeit&#8230;<br \/>\nIch liebe es zu lesen, schreiben. Zitate und besondere Ausschnitte aus B\u00fccher sind meine Leidenschaft. Diese sammle ich in meine Zitatenb\u00fccher.<br \/>\nAu\u00dferdem versuche ich fit zu bleiben und regelm\u00e4\u00dfig zu joggen aber vor allem jeden Tag Yoga zu praktizieren.<br \/>\nMein Motto ist: &#8222;Dem Geist sind keine Grenzen gesetzt au\u00dfer denen, die wir als solche anerkennen.&#8220;<\/p>\n<p>Viel Spa\u00df beim anschauen und inspirieren.<\/p>\n","protected":false},"excerpt":{"rendered":"<p>Hallo mein Name ist Erika. Freut mich dass du mich gefunden hast. Ich lebe mit 2 bezaubernde M\u00e4dels und Lieblingsmann in Baden-W\u00fcrtemberg. Ich liebe es mich kreativ zu besch\u00e4ftigen schon seit es mich gibt oder zumindest mich daran erinnern kann und meine Ideen zu verwirklichen. Seit wir unser H\u00e4uschen vor 5 Jahren gekauft haben und [&hellip;]<\/p>\n","protected":false},"author":1,"featured_media":0,"parent":0,"menu_order":0,"comment_status":"closed","ping_status":"closed","template":"","meta":{"footnotes":""},"jetpack_sharing_enabled":true,"_links":{"self":[{"href":"https:\/\/handartig.de\/index.php?rest_route=\/wp\/v2\/pages\/12"}],"collection":[{"href":"https:\/\/handartig.de\/index.php?rest_route=\/wp\/v2\/pages"}],"about":[{"href":"https:\/\/handartig.de\/index.php?rest_route=\/wp\/v2\/types\/page"}],"author":[{"embeddable":true,"href":"https:\/\/handartig.de\/index.php?rest_route=\/wp\/v2\/users\/1"}],"replies":[{"embeddable":true,"href":"https:\/\/handartig.de\/index.php?rest_route=%2Fwp%2Fv2%2Fcomments&post=12"}],"version-history":[{"count":5,"href":"https:\/\/handartig.de\/index.php?rest_route=\/wp\/v2\/pages\/12\/revisions"}],"predecessor-version":[{"id":52,"href":"https:\/\/handartig.de\/index.php?rest_route=\/wp\/v2\/pages\/12\/revisions\/52"}],"wp:attachment":[{"href":"https:\/\/handartig.de\/index.php?rest_route=%2Fwp%2Fv2%2Fmedia&parent=12"}],"curies":[{"name":"wp","href":"https:\/\/api.w.org\/{rel}","templated":true}]}}